{"id":1131,"date":"2021-03-10T03:25:12","date_gmt":"2021-03-10T03:25:12","guid":{"rendered":"https:\/\/themelooks.net\/demo\/foodbook\/?page_id=1131"},"modified":"2026-03-11T14:54:07","modified_gmt":"2026-03-11T08:54:07","slug":"live-demo","status":"publish","type":"page","link":"https:\/\/themelooks.net\/demo\/foodbook\/live-demo\/","title":{"rendered":"Live Demo"},"content":{"rendered":"<p>For the reason of Envato Market&#8217;s <b>&#8220;Buy Now&#8221; iFrame<\/b>, some features of FoodBook will not work. Please click the <b>&#8220;View Demo&#8221;<\/b> button to check full working demo.<\/p>\n<p>\t\t\t<a href=\"https:\/\/themelooks.net\/demo\/foodbook\/\" target=\"_blank\" role=\"button\" rel=\"noopener\"><br \/>\n\t\t\t\t\t\tView Demo<br \/>\n\t\t\t\t\t<\/a><br \/>\n\t\t\t<a href=\"https:\/\/www.youtube.com\/playlist?list=PLbmIKrgYlRbpp8U6fhB7INPcBYsWPqcKM\" target=\"_blank\" role=\"button\" rel=\"noopener\"><br \/>\n\t\t\t\t\t\tHow FoodBook Works?<br \/>\n\t\t\t\t\t<\/a><\/p>\n<p>Quand l\u2019\u00e9lan du jeu se fait sentir, avec <a href='https:\/\/betonred-france.fr'>https:\/\/betonred-france.fr<\/a> des incentives r\u00e9guliers. Jouez avec une approche \u00e9l\u00e9gante et ma\u00eetris\u00e9e et laissez la tradition du casino guider vos d\u00e9cisions. L\u2019instant est id\u00e9al pour continuer, alors que chaque minute garde son importance.<\/p>\n<p>,<\/p>\n","protected":false},"excerpt":{"rendered":"<p>For the reason of Envato Market&#8217;s &#8220;Buy Now&#8221; iFrame, some features of FoodBook will not work. Please click the &#8220;View Demo&#8221; button to check full working<\/p>\n","protected":false},"author":1,"featured_media":0,"parent":0,"menu_order":0,"comment_status":"closed","ping_status":"closed","template":"template-builder.php","meta":{"footnotes":""},"class_list":["post-1131","page","type-page","status-publish","hentry"],"_links":{"self":[{"href":"https:\/\/themelooks.net\/demo\/foodbook\/wp-json\/wp\/v2\/pages\/1131","targetHints":{"allow":["GET"]}}],"collection":[{"href":"https:\/\/themelooks.net\/demo\/foodbook\/wp-json\/wp\/v2\/pages"}],"about":[{"href":"https:\/\/themelooks.net\/demo\/foodbook\/wp-json\/wp\/v2\/types\/page"}],"author":[{"embeddable":true,"href":"https:\/\/themelooks.net\/demo\/foodbook\/wp-json\/wp\/v2\/users\/1"}],"replies":[{"embeddable":true,"href":"https:\/\/themelooks.net\/demo\/foodbook\/wp-json\/wp\/v2\/comments?post=1131"}],"version-history":[{"count":24,"href":"https:\/\/themelooks.net\/demo\/foodbook\/wp-json\/wp\/v2\/pages\/1131\/revisions"}],"predecessor-version":[{"id":10116,"href":"https:\/\/themelooks.net\/demo\/foodbook\/wp-json\/wp\/v2\/pages\/1131\/revisions\/10116"}],"wp:attachment":[{"href":"https:\/\/themelooks.net\/demo\/foodbook\/wp-json\/wp\/v2\/media?parent=1131"}],"curies":[{"name":"wp","href":"https:\/\/api.w.org\/{rel}","templated":true}]}}